{"id":406,"date":"2014-09-30T09:35:18","date_gmt":"2014-09-30T07:35:18","guid":{"rendered":"https:\/\/metzkausen.de\/?page_id=406"},"modified":"2015-05-21T15:20:05","modified_gmt":"2015-05-21T13:20:05","slug":"frueher-heute","status":"publish","type":"page","link":"https:\/\/metzkausen.de\/?page_id=406","title":{"rendered":"Heute <> Fr\u00fcher"},"content":{"rendered":"<p><strong>Fahren Sie mit dem Mauszeiger \u00fcber die Bilder und sehen Sie, wie es hier fr\u00fcher aussah!<\/strong><\/p>\n<p><strong>Dorfkrug (Ratinger Str) 1968 und 2015 <\/strong><\/p>\n<p><img decoding=\"async\" onmouseover=\"this.src='https:\/\/metzkausen.de\/wp-content\/uploads\/2015\/05\/Dorfkrug_1968.jpg';\" onmouseout=\"this.src='https:\/\/metzkausen.de\/wp-content\/uploads\/2015\/05\/Dorfkrug_2015.jpg';\" alt=\"\" src=\"https:\/\/metzkausen.de\/wp-content\/uploads\/2015\/05\/Dorfkrug_2015.jpg\" width=\"900\" \/><\/p>\n<p><strong>D\u00fcsseldorferstra\u00dfe 1<\/strong><\/p>\n<p><img decoding=\"async\" onmouseover=\"this.src='https:\/\/metzkausen.de\/wp-content\/uploads\/2014\/10\/duesseldorfer_str_1_damals.jpg';\" onmouseout=\"this.src='https:\/\/metzkausen.de\/wp-content\/uploads\/2014\/10\/duesseldorfer_str_1_2014.jpg';\" alt=\"\" src=\"https:\/\/metzkausen.de\/wp-content\/uploads\/2014\/10\/duesseldorfer_str_1_2014.jpg\" width=\"900\" \/><\/p>\n<p><strong>B7 Ecke Peckhauserstra\u00dfe<\/strong><\/p>\n<p><img decoding=\"async\" onmouseover=\"this.src='https:\/\/metzkausen.de\/wp-content\/uploads\/2014\/10\/b7_damals.jpg';\" onmouseout=\"this.src='https:\/\/metzkausen.de\/wp-content\/uploads\/2014\/10\/b7_2014.jpg';\" alt=\"\" src=\"https:\/\/metzkausen.de\/wp-content\/uploads\/2014\/10\/b7_2014.jpg\" width=\"900\" \/><\/p>\n<p><strong>Ratingerstra\u00dfe<\/strong><\/p>\n<p><img decoding=\"async\" onmouseover=\"this.src='https:\/\/metzkausen.de\/wp-content\/uploads\/2014\/10\/ratinger_damals.jpg';\" onmouseout=\"this.src='https:\/\/metzkausen.de\/wp-content\/uploads\/2014\/10\/ratinger_2014.jpg';\" alt=\"\" src=\"https:\/\/metzkausen.de\/wp-content\/uploads\/2014\/10\/ratinger_2014.jpg\" width=\"900\" \/><\/p>\n<p><strong>Peckhauserstra\u00dfe 9<\/strong><\/p>\n<p><img decoding=\"async\" onmouseover=\"this.src='https:\/\/metzkausen.de\/wp-content\/uploads\/2014\/10\/peckhauser_str_9_damals.jpg';\" onmouseout=\"this.src='https:\/\/metzkausen.de\/wp-content\/uploads\/2014\/10\/peckhauser_str_9_2014.jpg';\" alt=\"\" src=\"https:\/\/metzkausen.de\/wp-content\/uploads\/2014\/10\/peckhauser_str_9_2014.jpg\" width=\"900\" \/><\/p>\n<p><strong>Weiermannsbuschweg \/ Hasselerstr<\/strong><\/p>\n<p><img decoding=\"async\" onmouseover=\"this.src='https:\/\/metzkausen.de\/wp-content\/uploads\/2014\/10\/Weiermannsbuschweg_damals.jpg';\" onmouseout=\"this.src='https:\/\/metzkausen.de\/wp-content\/uploads\/2014\/10\/Weiermannsbuschweg_2014.jpg';\" alt=\"\" src=\"https:\/\/metzkausen.de\/wp-content\/uploads\/2014\/10\/Weiermannsbuschweg_2014.jpg\" width=\"900\" \/><\/p>\n","protected":false},"excerpt":{"rendered":"<p>Fahren Sie mit dem Mauszeiger \u00fcber die Bilder und sehen Sie, wie es hier fr\u00fcher aussah! Dorfkrug (Ratinger Str) 1968 und 2015 D\u00fcsseldorferstra\u00dfe 1 B7 Ecke Peckhauserstra\u00dfe Ratingerstra\u00dfe Peckhauserstra\u00dfe 9 Weiermannsbuschweg \/ Hasselerstr<\/p>\n","protected":false},"author":1,"featured_media":0,"parent":0,"menu_order":0,"comment_status":"closed","ping_status":"closed","template":"","meta":{"footnotes":""},"class_list":["post-406","page","type-page","status-publish","hentry"],"_links":{"self":[{"href":"https:\/\/metzkausen.de\/index.php?rest_route=\/wp\/v2\/pages\/406","targetHints":{"allow":["GET"]}}],"collection":[{"href":"https:\/\/metzkausen.de\/index.php?rest_route=\/wp\/v2\/pages"}],"about":[{"href":"https:\/\/metzkausen.de\/index.php?rest_route=\/wp\/v2\/types\/page"}],"author":[{"embeddable":true,"href":"https:\/\/metzkausen.de\/index.php?rest_route=\/wp\/v2\/users\/1"}],"replies":[{"embeddable":true,"href":"https:\/\/metzkausen.de\/index.php?rest_route=%2Fwp%2Fv2%2Fcomments&post=406"}],"version-history":[{"count":14,"href":"https:\/\/metzkausen.de\/index.php?rest_route=\/wp\/v2\/pages\/406\/revisions"}],"predecessor-version":[{"id":485,"href":"https:\/\/metzkausen.de\/index.php?rest_route=\/wp\/v2\/pages\/406\/revisions\/485"}],"wp:attachment":[{"href":"https:\/\/metzkausen.de\/index.php?rest_route=%2Fwp%2Fv2%2Fmedia&parent=406"}],"curies":[{"name":"wp","href":"https:\/\/api.w.org\/{rel}","templated":true}]}}