{"id":48,"date":"2013-08-25T11:22:32","date_gmt":"2013-08-25T09:22:32","guid":{"rendered":"https:\/\/metzkausen.de\/?page_id=48"},"modified":"2021-10-09T12:09:29","modified_gmt":"2021-10-09T10:09:29","slug":"startseite","status":"publish","type":"page","link":"https:\/\/metzkausen.de\/","title":{"rendered":"Startseite"},"content":{"rendered":"<div id=\"metaslider-id-1166\" style=\"width: 100%;\" class=\"ml-slider-3-108-0 metaslider metaslider-flex metaslider-1166 ml-slider has-dots-nav has-carousel-mode ms-theme-simply-dark\" role=\"region\" aria-label=\"New Slideshow\" data-height=\"300\" data-width=\"500\">\n    <div id=\"metaslider_container_1166\">\n        <div id=\"metaslider_1166\">\n            <ul class='slides'>\n                <li style=\"display: none; width: 100%;\" class=\"slide-1199 ms-image \" aria-roledescription=\"slide\" data-date=\"2022-03-27 12:49:43\" data-filename=\"feuerwehr_web.jpg\" data-slide-type=\"image\"><img loading=\"lazy\" decoding=\"async\" width=\"1000\" height=\"676\" src=\"https:\/\/metzkausen.de\/wp-content\/uploads\/2022\/03\/feuerwehr_web.jpg\" class=\"slider-1166 slide-1199 msDefaultImage\" alt=\"\" rel=\"\" title=\"feuerwehr_web\" srcset=\"https:\/\/metzkausen.de\/wp-content\/uploads\/2022\/03\/feuerwehr_web.jpg 1000w, https:\/\/metzkausen.de\/wp-content\/uploads\/2022\/03\/feuerwehr_web-300x202.jpg 300w, https:\/\/metzkausen.de\/wp-content\/uploads\/2022\/03\/feuerwehr_web-768x519.jpg 768w, https:\/\/metzkausen.de\/wp-content\/uploads\/2022\/03\/feuerwehr_web-399x270.jpg 399w\" sizes=\"auto, (max-width: 1000px) 100vw, 1000px\" \/><\/li>\n                <li style=\"display: none; width: 100%;\" class=\"slide-1167 ms-image \" aria-roledescription=\"slide\" data-date=\"2021-10-09 11:09:56\" data-filename=\"Bauwagen.jpg\" data-slide-type=\"image\"><img loading=\"lazy\" decoding=\"async\" width=\"640\" height=\"480\" src=\"https:\/\/metzkausen.de\/wp-content\/uploads\/2021\/10\/Bauwagen.jpg\" class=\"slider-1166 slide-1167 msDefaultImage\" alt=\"\" rel=\"\" title=\"Bauwagen\" srcset=\"https:\/\/metzkausen.de\/wp-content\/uploads\/2021\/10\/Bauwagen.jpg 640w, https:\/\/metzkausen.de\/wp-content\/uploads\/2021\/10\/Bauwagen-300x225.jpg 300w, https:\/\/metzkausen.de\/wp-content\/uploads\/2021\/10\/Bauwagen-360x270.jpg 360w\" sizes=\"auto, (max-width: 640px) 100vw, 640px\" \/><\/li>\n                <li style=\"display: none; width: 100%;\" class=\"slide-1201 ms-image \" aria-roledescription=\"slide\" data-date=\"2022-03-27 12:49:43\" data-filename=\"kinderleicht_web.jpg\" data-slide-type=\"image\"><img loading=\"lazy\" decoding=\"async\" width=\"1000\" height=\"667\" src=\"https:\/\/metzkausen.de\/wp-content\/uploads\/2022\/03\/kinderleicht_web.jpg\" class=\"slider-1166 slide-1201 msDefaultImage\" alt=\"\" rel=\"\" title=\"kinderleicht_web\" srcset=\"https:\/\/metzkausen.de\/wp-content\/uploads\/2022\/03\/kinderleicht_web.jpg 1000w, https:\/\/metzkausen.de\/wp-content\/uploads\/2022\/03\/kinderleicht_web-300x200.jpg 300w, https:\/\/metzkausen.de\/wp-content\/uploads\/2022\/03\/kinderleicht_web-768x512.jpg 768w, https:\/\/metzkausen.de\/wp-content\/uploads\/2022\/03\/kinderleicht_web-404x270.jpg 404w\" sizes=\"auto, (max-width: 1000px) 100vw, 1000px\" \/><\/li>\n                <li style=\"display: none; width: 100%;\" class=\"slide-1168 ms-image \" aria-roledescription=\"slide\" data-date=\"2021-10-09 11:09:56\" data-filename=\"sportger\u00e4te.jpg\" data-slide-type=\"image\"><img loading=\"lazy\" decoding=\"async\" width=\"411\" height=\"294\" src=\"https:\/\/metzkausen.de\/wp-content\/uploads\/2021\/10\/sportger\u00e4te.jpg\" class=\"slider-1166 slide-1168 msDefaultImage\" alt=\"\" rel=\"\" title=\"sportger\u00e4te\" srcset=\"https:\/\/metzkausen.de\/wp-content\/uploads\/2021\/10\/sportger\u00e4te.jpg 411w, https:\/\/metzkausen.de\/wp-content\/uploads\/2021\/10\/sportger\u00e4te-300x214.jpg 300w, https:\/\/metzkausen.de\/wp-content\/uploads\/2021\/10\/sportger\u00e4te-377x270.jpg 377w\" sizes=\"auto, (max-width: 411px) 100vw, 411px\" \/><\/li>\n                <li style=\"display: none; width: 100%;\" class=\"slide-1172 ms-image \" aria-roledescription=\"slide\" data-date=\"2021-10-09 11:09:56\" data-filename=\"Das-1050.-Mitglied-Frau-Arendt.jpg\" data-slide-type=\"image\"><img loading=\"lazy\" decoding=\"async\" width=\"900\" height=\"602\" src=\"https:\/\/metzkausen.de\/wp-content\/uploads\/2018\/07\/Das-1050.-Mitglied-Frau-Arendt.jpg\" class=\"slider-1166 slide-1172 msDefaultImage\" alt=\"\" rel=\"\" title=\"Das 1050. Mitglied Frau Arendt\" srcset=\"https:\/\/metzkausen.de\/wp-content\/uploads\/2018\/07\/Das-1050.-Mitglied-Frau-Arendt.jpg 900w, https:\/\/metzkausen.de\/wp-content\/uploads\/2018\/07\/Das-1050.-Mitglied-Frau-Arendt-300x200.jpg 300w, https:\/\/metzkausen.de\/wp-content\/uploads\/2018\/07\/Das-1050.-Mitglied-Frau-Arendt-768x513.jpg 768w, https:\/\/metzkausen.de\/wp-content\/uploads\/2018\/07\/Das-1050.-Mitglied-Frau-Arendt-403x270.jpg 403w\" sizes=\"auto, (max-width: 900px) 100vw, 900px\" \/><\/li>\n                <li style=\"display: none; width: 100%;\" class=\"slide-1200 ms-image \" aria-roledescription=\"slide\" data-date=\"2022-03-27 12:49:43\" data-filename=\"neubau_web.jpg\" data-slide-type=\"image\"><img loading=\"lazy\" decoding=\"async\" width=\"898\" height=\"620\" src=\"https:\/\/metzkausen.de\/wp-content\/uploads\/2022\/03\/neubau_web.jpg\" class=\"slider-1166 slide-1200 msDefaultImage\" alt=\"\" rel=\"\" title=\"neubau_web\" srcset=\"https:\/\/metzkausen.de\/wp-content\/uploads\/2022\/03\/neubau_web.jpg 898w, https:\/\/metzkausen.de\/wp-content\/uploads\/2022\/03\/neubau_web-300x207.jpg 300w, https:\/\/metzkausen.de\/wp-content\/uploads\/2022\/03\/neubau_web-768x530.jpg 768w, https:\/\/metzkausen.de\/wp-content\/uploads\/2022\/03\/neubau_web-391x270.jpg 391w\" sizes=\"auto, (max-width: 898px) 100vw, 898px\" \/><\/li>\n                <li style=\"display: none; width: 100%;\" class=\"slide-1178 ms-image \" aria-roledescription=\"slide\" data-date=\"2021-10-09 11:09:56\" data-filename=\"950Mitglied.jpg\" data-slide-type=\"image\"><img loading=\"lazy\" decoding=\"async\" width=\"900\" height=\"602\" src=\"https:\/\/metzkausen.de\/wp-content\/uploads\/2017\/07\/950Mitglied.jpg\" class=\"slider-1166 slide-1178 msDefaultImage\" alt=\"\" rel=\"\" title=\"950Mitglied\" srcset=\"https:\/\/metzkausen.de\/wp-content\/uploads\/2017\/07\/950Mitglied.jpg 900w, https:\/\/metzkausen.de\/wp-content\/uploads\/2017\/07\/950Mitglied-300x200.jpg 300w, https:\/\/metzkausen.de\/wp-content\/uploads\/2017\/07\/950Mitglied-768x513.jpg 768w, https:\/\/metzkausen.de\/wp-content\/uploads\/2017\/07\/950Mitglied-403x270.jpg 403w\" sizes=\"auto, (max-width: 900px) 100vw, 900px\" \/><\/li>\n                <li style=\"display: none; width: 100%;\" class=\"slide-1202 ms-image \" aria-roledescription=\"slide\" data-date=\"2022-03-27 12:49:43\" data-filename=\"kluke_web.jpg\" data-slide-type=\"image\"><img loading=\"lazy\" decoding=\"async\" width=\"1000\" height=\"667\" src=\"https:\/\/metzkausen.de\/wp-content\/uploads\/2022\/03\/kluke_web.jpg\" class=\"slider-1166 slide-1202 msDefaultImage\" alt=\"\" rel=\"\" title=\"kluke_web\" srcset=\"https:\/\/metzkausen.de\/wp-content\/uploads\/2022\/03\/kluke_web.jpg 1000w, https:\/\/metzkausen.de\/wp-content\/uploads\/2022\/03\/kluke_web-300x200.jpg 300w, https:\/\/metzkausen.de\/wp-content\/uploads\/2022\/03\/kluke_web-768x512.jpg 768w, https:\/\/metzkausen.de\/wp-content\/uploads\/2022\/03\/kluke_web-404x270.jpg 404w\" sizes=\"auto, (max-width: 1000px) 100vw, 1000px\" \/><\/li>\n                <li style=\"display: none; width: 100%;\" class=\"slide-1180 ms-image \" aria-roledescription=\"slide\" data-date=\"2021-10-09 11:09:56\" data-filename=\"RRB.jpg\" data-slide-type=\"image\"><img loading=\"lazy\" decoding=\"async\" width=\"900\" height=\"602\" src=\"https:\/\/metzkausen.de\/wp-content\/uploads\/2017\/12\/RRB.jpg\" class=\"slider-1166 slide-1180 msDefaultImage\" alt=\"\" rel=\"\" title=\"RRB\" srcset=\"https:\/\/metzkausen.de\/wp-content\/uploads\/2017\/12\/RRB.jpg 900w, https:\/\/metzkausen.de\/wp-content\/uploads\/2017\/12\/RRB-300x200.jpg 300w, https:\/\/metzkausen.de\/wp-content\/uploads\/2017\/12\/RRB-768x513.jpg 768w, https:\/\/metzkausen.de\/wp-content\/uploads\/2017\/12\/RRB-403x270.jpg 403w\" sizes=\"auto, (max-width: 900px) 100vw, 900px\" \/><\/li>\n                <li style=\"display: none; width: 100%;\" class=\"slide-1203 ms-image \" aria-roledescription=\"slide\" data-date=\"2022-03-27 12:49:43\" data-filename=\"heiligefamilie_web.jpg\" data-slide-type=\"image\"><img loading=\"lazy\" decoding=\"async\" width=\"1000\" height=\"558\" src=\"https:\/\/metzkausen.de\/wp-content\/uploads\/2022\/03\/heiligefamilie_web.jpg\" class=\"slider-1166 slide-1203 msDefaultImage\" alt=\"\" rel=\"\" title=\"heiligefamilie_web\" srcset=\"https:\/\/metzkausen.de\/wp-content\/uploads\/2022\/03\/heiligefamilie_web.jpg 1000w, https:\/\/metzkausen.de\/wp-content\/uploads\/2022\/03\/heiligefamilie_web-300x167.jpg 300w, https:\/\/metzkausen.de\/wp-content\/uploads\/2022\/03\/heiligefamilie_web-768x428.jpg 768w, https:\/\/metzkausen.de\/wp-content\/uploads\/2022\/03\/heiligefamilie_web-483x270.jpg 483w\" sizes=\"auto, (max-width: 1000px) 100vw, 1000px\" \/><\/li>\n                <li style=\"display: none; width: 100%;\" class=\"slide-1204 ms-image \" aria-roledescription=\"slide\" data-date=\"2022-03-27 12:49:44\" data-filename=\"100_1284.jpg\" data-slide-type=\"image\"><img loading=\"lazy\" decoding=\"async\" width=\"3056\" height=\"2292\" src=\"https:\/\/metzkausen.de\/wp-content\/uploads\/2022\/03\/100_1284.jpg\" class=\"slider-1166 slide-1204 msDefaultImage\" alt=\"\" rel=\"\" title=\"100_1284\" srcset=\"https:\/\/metzkausen.de\/wp-content\/uploads\/2022\/03\/100_1284.jpg 3056w, https:\/\/metzkausen.de\/wp-content\/uploads\/2022\/03\/100_1284-300x225.jpg 300w, https:\/\/metzkausen.de\/wp-content\/uploads\/2022\/03\/100_1284-1024x768.jpg 1024w, https:\/\/metzkausen.de\/wp-content\/uploads\/2022\/03\/100_1284-768x576.jpg 768w, https:\/\/metzkausen.de\/wp-content\/uploads\/2022\/03\/100_1284-360x270.jpg 360w\" sizes=\"auto, (max-width: 3056px) 100vw, 3056px\" \/><\/li>\n                <li style=\"display: none; width: 100%;\" class=\"slide-1205 ms-image \" aria-roledescription=\"slide\" data-date=\"2022-03-27 12:49:44\" data-filename=\"altrimenti_web.jpg\" data-slide-type=\"image\"><img loading=\"lazy\" decoding=\"async\" width=\"1000\" height=\"667\" src=\"https:\/\/metzkausen.de\/wp-content\/uploads\/2022\/03\/altrimenti_web.jpg\" class=\"slider-1166 slide-1205 msDefaultImage\" alt=\"\" rel=\"\" title=\"altrimenti_web\" srcset=\"https:\/\/metzkausen.de\/wp-content\/uploads\/2022\/03\/altrimenti_web.jpg 1000w, https:\/\/metzkausen.de\/wp-content\/uploads\/2022\/03\/altrimenti_web-300x200.jpg 300w, https:\/\/metzkausen.de\/wp-content\/uploads\/2022\/03\/altrimenti_web-768x512.jpg 768w, https:\/\/metzkausen.de\/wp-content\/uploads\/2022\/03\/altrimenti_web-404x270.jpg 404w\" sizes=\"auto, (max-width: 1000px) 100vw, 1000px\" \/><\/li>\n                <li style=\"display: none; width: 100%;\" class=\"slide-1206 ms-image \" aria-roledescription=\"slide\" data-date=\"2022-03-27 12:49:44\" data-filename=\"Feld_Weit.jpg\" data-slide-type=\"image\"><img loading=\"lazy\" decoding=\"async\" width=\"3000\" height=\"1576\" src=\"https:\/\/metzkausen.de\/wp-content\/uploads\/2022\/03\/Feld_Weit.jpg\" class=\"slider-1166 slide-1206 msDefaultImage\" alt=\"\" rel=\"\" title=\"Feld_Weit\" srcset=\"https:\/\/metzkausen.de\/wp-content\/uploads\/2022\/03\/Feld_Weit.jpg 3000w, https:\/\/metzkausen.de\/wp-content\/uploads\/2022\/03\/Feld_Weit-300x157.jpg 300w, https:\/\/metzkausen.de\/wp-content\/uploads\/2022\/03\/Feld_Weit-1024x537.jpg 1024w, https:\/\/metzkausen.de\/wp-content\/uploads\/2022\/03\/Feld_Weit-768x403.jpg 768w, https:\/\/metzkausen.de\/wp-content\/uploads\/2022\/03\/Feld_Weit-513x270.jpg 513w\" sizes=\"auto, (max-width: 3000px) 100vw, 3000px\" \/><\/li>\n            <\/ul>\n        <\/div>\n        \n    <\/div>\n<\/div>\n<table>\n<tbody>\n<tr>\n<td><img loading=\"lazy\" decoding=\"async\" class=\"alignleft\" alt=\"\" src=\"https:\/\/metzkausen.de\/wp-content\/gallery\/metzkausen-frueher\/metz_klein.jpg\" width=\"336\" height=\"239\" \/>1090 wird <strong>Metzinchusen<\/strong> erstmalig in einer Kaiserswerther Urkunde erw\u00e4hnt Die M\u00f6nche sollen eine Wei\u00dfbrotspende erhalten. Unter den vielen H\u00f6fen, die daf\u00fcr zahlen, ist unser fr\u00fcher Sachsenhof. Es hei\u00dft dort: &#8230;. in festo omnium sanctorum in Metzinchusen XX ei II den (are).&#8221; Das hei\u00dft, da\u00df der Hof Metzkausen zu Allerheiligen dem Kloster 22 Denare f\u00fcr die Wei\u00dfbrotgabe an die M\u00f6nche zahlen mu\u00df. (Gertrud Middell)<\/td>\n<\/tr>\n<\/tbody>\n<\/table>\n<h4>Was danach bis heute im Hassel, Peckhaus und St\u00fcbbenhaus geschah, finden Sie in unseren Beitr\u00e4gen:<\/h4>\n<div class=\"pt-cv-wrapper\"><div class=\"pt-cv-view pt-cv-grid pt-cv-colsys\" id=\"pt-cv-view-f6f27c0ys3\"><div data-id=\"pt-cv-page-1\" class=\"pt-cv-page\" data-cvc=\"1\"><div class=\"col-md-12 col-sm-12 col-xs-12 pt-cv-content-item pt-cv-2-col\" ><div class='pt-cv-ifield'><a href=\"https:\/\/metzkausen.de\/?p=1268\" class=\"_self pt-cv-href-thumbnail pt-cv-thumb-left\" target=\"_self\" ><img loading=\"lazy\" decoding=\"async\" width=\"300\" height=\"160\" src=\"https:\/\/metzkausen.de\/wp-content\/uploads\/2025\/09\/troedel-300x160.png\" class=\"pt-cv-thumbnail pull-left\" alt=\"\" srcset=\"https:\/\/metzkausen.de\/wp-content\/uploads\/2025\/09\/troedel-300x160.png 300w, https:\/\/metzkausen.de\/wp-content\/uploads\/2025\/09\/troedel-768x411.png 768w, https:\/\/metzkausen.de\/wp-content\/uploads\/2025\/09\/troedel.png 800w\" sizes=\"auto, (max-width: 300px) 100vw, 300px\" \/><\/a>\n<h3 class=\"pt-cv-title\"><a href=\"https:\/\/metzkausen.de\/?p=1268\" class=\"_self\" target=\"_self\" >Metzkausen \u00f6ffnet seine Garagen &#8211; Garagentr\u00f6del am 27.09.2025 von 11:00 bis 16:00 Uhr<\/a><\/h3>\n<div class=\"pt-cv-content\">folgende Stra\u00dfen nehmen am Garagentr\u00f6del teil: Adolf-Kolping-Str., Akazienweg, Am Altenbruch, Am H\u00fcgel, Azaleenweg, Carl- Schmachtenbergweg, ...<br \/><div class=\"pt-cv-rmwrap\"><a href=\"https:\/\/metzkausen.de\/?p=1268\" class=\"_self pt-cv-readmore btn btn-success\" target=\"_self\">Weiterlesen<\/a><\/div><\/div><\/div><\/div>\n<div class=\"col-md-12 col-sm-12 col-xs-12 pt-cv-content-item pt-cv-2-col\" ><div class='pt-cv-ifield'><a href=\"https:\/\/metzkausen.de\/?p=1261\" class=\"_self pt-cv-href-thumbnail pt-cv-thumb-left\" target=\"_self\" ><img loading=\"lazy\" decoding=\"async\" width=\"154\" height=\"141\" src=\"https:\/\/metzkausen.de\/wp-content\/uploads\/2025\/04\/Bild1.png\" class=\"pt-cv-thumbnail pull-left\" alt=\"\" \/><\/a>\n<h3 class=\"pt-cv-title\"><a href=\"https:\/\/metzkausen.de\/?p=1261\" class=\"_self\" target=\"_self\" >Pressemitteilung des Stadtsportverbands Mettmann e.V.<\/a><\/h3>\n<div class=\"pt-cv-content\">Pressemitteilung des Stadtsportverbands Mettmann e.V. Wann hast du das letzte Mal auf einer 400m-Tartanbahn deine ...<br \/><div class=\"pt-cv-rmwrap\"><a href=\"https:\/\/metzkausen.de\/?p=1261\" class=\"_self pt-cv-readmore btn btn-success\" target=\"_self\">Weiterlesen<\/a><\/div><\/div><\/div><\/div>\n<div class=\"col-md-12 col-sm-12 col-xs-12 pt-cv-content-item pt-cv-2-col\" ><div class='pt-cv-ifield'><a href=\"https:\/\/metzkausen.de\/?p=1239\" class=\"_self pt-cv-href-thumbnail pt-cv-thumb-left\" target=\"_self\" ><img loading=\"lazy\" decoding=\"async\" width=\"213\" height=\"300\" src=\"https:\/\/metzkausen.de\/wp-content\/uploads\/2023\/03\/sportabzeichen2023-213x300.jpg\" class=\"pt-cv-thumbnail pull-left\" alt=\"\" srcset=\"https:\/\/metzkausen.de\/wp-content\/uploads\/2023\/03\/sportabzeichen2023-213x300.jpg 213w, https:\/\/metzkausen.de\/wp-content\/uploads\/2023\/03\/sportabzeichen2023-730x1024.jpg 730w, https:\/\/metzkausen.de\/wp-content\/uploads\/2023\/03\/sportabzeichen2023-547x768.jpg 547w, https:\/\/metzkausen.de\/wp-content\/uploads\/2023\/03\/sportabzeichen2023-192x270.jpg 192w\" sizes=\"auto, (max-width: 213px) 100vw, 213px\" \/><\/a>\n<h3 class=\"pt-cv-title\"><a href=\"https:\/\/metzkausen.de\/?p=1239\" class=\"_self\" target=\"_self\" >Metzkausen macht das Sportabzeichen! Mach mit!<\/a><\/h3>\n<div class=\"pt-cv-content\">Metzkausen macht auch in diesem Jahr wieder beim Sportabzeichen mit! Halte Dich fit und melde ...<br \/><div class=\"pt-cv-rmwrap\"><a href=\"https:\/\/metzkausen.de\/?p=1239\" class=\"_self pt-cv-readmore btn btn-success\" target=\"_self\">Weiterlesen<\/a><\/div><\/div><\/div><\/div>\n<div class=\"col-md-12 col-sm-12 col-xs-12 pt-cv-content-item pt-cv-2-col\" ><div class='pt-cv-ifield'><a href=\"https:\/\/metzkausen.de\/?p=1220\" class=\"_self pt-cv-href-thumbnail pt-cv-thumb-left\" target=\"_self\" ><img loading=\"lazy\" decoding=\"async\" width=\"300\" height=\"211\" src=\"https:\/\/metzkausen.de\/wp-content\/uploads\/2023\/05\/Schule-300x211.jpg\" class=\"pt-cv-thumbnail pull-left\" alt=\"\" srcset=\"https:\/\/metzkausen.de\/wp-content\/uploads\/2023\/05\/Schule-300x211.jpg 300w, https:\/\/metzkausen.de\/wp-content\/uploads\/2023\/05\/Schule-1024x722.jpg 1024w, https:\/\/metzkausen.de\/wp-content\/uploads\/2023\/05\/Schule-768x542.jpg 768w, https:\/\/metzkausen.de\/wp-content\/uploads\/2023\/05\/Schule-382x270.jpg 382w, https:\/\/metzkausen.de\/wp-content\/uploads\/2023\/05\/Schule.jpg 2022w\" sizes=\"auto, (max-width: 300px) 100vw, 300px\" \/><\/a>\n<h3 class=\"pt-cv-title\"><a href=\"https:\/\/metzkausen.de\/?p=1220\" class=\"_self\" target=\"_self\" >Altes Klassenfoto &#8211; wer erkennt jemanden?<\/a><\/h3>\n<div class=\"pt-cv-content\">Wer erkennt jemanden auf diesem Foto aus dem Jahr um ca. 1928? Aufgenommen wurde das ...<br \/><div class=\"pt-cv-rmwrap\"><a href=\"https:\/\/metzkausen.de\/?p=1220\" class=\"_self pt-cv-readmore btn btn-success\" target=\"_self\">Weiterlesen<\/a><\/div><\/div><\/div><\/div>\n<div class=\"col-md-12 col-sm-12 col-xs-12 pt-cv-content-item pt-cv-2-col\" ><div class='pt-cv-ifield'><a href=\"https:\/\/metzkausen.de\/?p=1140\" class=\"_self pt-cv-href-thumbnail pt-cv-thumb-left\" target=\"_self\" ><img loading=\"lazy\" decoding=\"async\" width=\"300\" height=\"225\" src=\"https:\/\/metzkausen.de\/wp-content\/uploads\/2021\/10\/Bauwagen-300x225.jpg\" class=\"pt-cv-thumbnail pull-left\" alt=\"\" srcset=\"https:\/\/metzkausen.de\/wp-content\/uploads\/2021\/10\/Bauwagen-300x225.jpg 300w, https:\/\/metzkausen.de\/wp-content\/uploads\/2021\/10\/Bauwagen-360x270.jpg 360w, https:\/\/metzkausen.de\/wp-content\/uploads\/2021\/10\/Bauwagen.jpg 640w\" sizes=\"auto, (max-width: 300px) 100vw, 300px\" \/><\/a>\n<h3 class=\"pt-cv-title\"><a href=\"https:\/\/metzkausen.de\/?p=1140\" class=\"_self\" target=\"_self\" >Aktionswagenprojekt des B\u00fcrgervereins<\/a><\/h3>\n<div class=\"pt-cv-content\">Der B\u00fcrgerverein hat nach intensiver Planung einen Veranstaltungswagen gekauft, der nun in Eigenleistung ausgebaut wird ...<br \/><div class=\"pt-cv-rmwrap\"><a href=\"https:\/\/metzkausen.de\/?p=1140\" class=\"_self pt-cv-readmore btn btn-success\" target=\"_self\">Weiterlesen<\/a><\/div><\/div><\/div><\/div>\n<div class=\"col-md-12 col-sm-12 col-xs-12 pt-cv-content-item pt-cv-2-col\" ><div class='pt-cv-ifield'><a href=\"https:\/\/metzkausen.de\/?p=1137\" class=\"_self pt-cv-href-thumbnail pt-cv-thumb-left\" target=\"_self\" ><img loading=\"lazy\" decoding=\"async\" width=\"300\" height=\"214\" src=\"https:\/\/metzkausen.de\/wp-content\/uploads\/2021\/10\/sportger\u00e4te-300x214.jpg\" class=\"pt-cv-thumbnail pull-left\" alt=\"\" srcset=\"https:\/\/metzkausen.de\/wp-content\/uploads\/2021\/10\/sportger\u00e4te-300x214.jpg 300w, https:\/\/metzkausen.de\/wp-content\/uploads\/2021\/10\/sportger\u00e4te-377x270.jpg 377w, https:\/\/metzkausen.de\/wp-content\/uploads\/2021\/10\/sportger\u00e4te.jpg 411w\" sizes=\"auto, (max-width: 300px) 100vw, 300px\" \/><\/a>\n<h3 class=\"pt-cv-title\"><a href=\"https:\/\/metzkausen.de\/?p=1137\" class=\"_self\" target=\"_self\" >Neue Sportger\u00e4te im Comberg-Park<\/a><\/h3>\n<div class=\"pt-cv-content\">Die Sportger\u00e4te im Gustav-Comberg Park wurden durch das Engagement des B\u00fcrgerverein Metzkausen e.V. wiederum erweitert ...<br \/><div class=\"pt-cv-rmwrap\"><a href=\"https:\/\/metzkausen.de\/?p=1137\" class=\"_self pt-cv-readmore btn btn-success\" target=\"_self\">Weiterlesen<\/a><\/div><\/div><\/div><\/div>\n<div class=\"col-md-12 col-sm-12 col-xs-12 pt-cv-content-item pt-cv-2-col\" ><div class='pt-cv-ifield'><a href=\"https:\/\/metzkausen.de\/?p=1081\" class=\"_self pt-cv-href-thumbnail pt-cv-thumb-left\" target=\"_self\" ><img loading=\"lazy\" decoding=\"async\" width=\"300\" height=\"202\" src=\"https:\/\/metzkausen.de\/wp-content\/uploads\/2018\/11\/zwiebeln-300x202.jpg\" class=\"pt-cv-thumbnail pull-left\" alt=\"\" srcset=\"https:\/\/metzkausen.de\/wp-content\/uploads\/2018\/11\/zwiebeln-300x202.jpg 300w, https:\/\/metzkausen.de\/wp-content\/uploads\/2018\/11\/zwiebeln-768x518.jpg 768w, https:\/\/metzkausen.de\/wp-content\/uploads\/2018\/11\/zwiebeln-399x270.jpg 399w, https:\/\/metzkausen.de\/wp-content\/uploads\/2018\/11\/zwiebeln.jpg 900w\" sizes=\"auto, (max-width: 300px) 100vw, 300px\" \/><\/a>\n<h3 class=\"pt-cv-title\"><a href=\"https:\/\/metzkausen.de\/?p=1081\" class=\"_self\" target=\"_self\" >Blumenzwiebeln pflanzen mit dem B\u00fcrgerverein am 10.11.18<\/a><\/h3>\n<div class=\"pt-cv-content\">Liebe Helfer, vielen Dank f\u00fcr Euren Einsatz, trotz erschwerten Bedingungen. Aber was konnte man h\u00f6ren, ...<br \/><div class=\"pt-cv-rmwrap\"><a href=\"https:\/\/metzkausen.de\/?p=1081\" class=\"_self pt-cv-readmore btn btn-success\" target=\"_self\">Weiterlesen<\/a><\/div><\/div><\/div><\/div>\n<div class=\"col-md-12 col-sm-12 col-xs-12 pt-cv-content-item pt-cv-2-col\" ><div class='pt-cv-ifield'><a href=\"https:\/\/metzkausen.de\/?p=1075\" class=\"_self pt-cv-href-thumbnail pt-cv-thumb-left\" target=\"_self\" ><img loading=\"lazy\" decoding=\"async\" width=\"300\" height=\"200\" src=\"https:\/\/metzkausen.de\/wp-content\/uploads\/2018\/10\/1100-300x200.jpg\" class=\"pt-cv-thumbnail pull-left\" alt=\"\" srcset=\"https:\/\/metzkausen.de\/wp-content\/uploads\/2018\/10\/1100-300x200.jpg 300w, https:\/\/metzkausen.de\/wp-content\/uploads\/2018\/10\/1100-768x512.jpg 768w, https:\/\/metzkausen.de\/wp-content\/uploads\/2018\/10\/1100-405x270.jpg 405w, https:\/\/metzkausen.de\/wp-content\/uploads\/2018\/10\/1100.jpg 900w\" sizes=\"auto, (max-width: 300px) 100vw, 300px\" \/><\/a>\n<h3 class=\"pt-cv-title\"><a href=\"https:\/\/metzkausen.de\/?p=1075\" class=\"_self\" target=\"_self\" >B\u00fcrgerverein begr\u00fc\u00dft das 1100ste Mitglied<\/a><\/h3>\n<div class=\"pt-cv-content\">Frau Christel Kroll, die sich beim Bunten Nachmittag angemeldet hat, ist das 1100 Mitglied! ...<br \/><div class=\"pt-cv-rmwrap\"><a href=\"https:\/\/metzkausen.de\/?p=1075\" class=\"_self pt-cv-readmore btn btn-success\" target=\"_self\">Weiterlesen<\/a><\/div><\/div><\/div><\/div>\n<div class=\"col-md-12 col-sm-12 col-xs-12 pt-cv-content-item pt-cv-2-col\" ><div class='pt-cv-ifield'><a href=\"https:\/\/metzkausen.de\/?p=1057\" class=\"_self pt-cv-href-thumbnail pt-cv-thumb-left\" target=\"_self\" ><img loading=\"lazy\" decoding=\"async\" width=\"300\" height=\"200\" src=\"https:\/\/metzkausen.de\/wp-content\/uploads\/2018\/07\/Das-1050.-Mitglied-Frau-Arendt-300x200.jpg\" class=\"pt-cv-thumbnail pull-left\" alt=\"\" srcset=\"https:\/\/metzkausen.de\/wp-content\/uploads\/2018\/07\/Das-1050.-Mitglied-Frau-Arendt-300x200.jpg 300w, https:\/\/metzkausen.de\/wp-content\/uploads\/2018\/07\/Das-1050.-Mitglied-Frau-Arendt-768x513.jpg 768w, https:\/\/metzkausen.de\/wp-content\/uploads\/2018\/07\/Das-1050.-Mitglied-Frau-Arendt-403x270.jpg 403w, https:\/\/metzkausen.de\/wp-content\/uploads\/2018\/07\/Das-1050.-Mitglied-Frau-Arendt.jpg 900w\" sizes=\"auto, (max-width: 300px) 100vw, 300px\" \/><\/a>\n<h3 class=\"pt-cv-title\"><a href=\"https:\/\/metzkausen.de\/?p=1057\" class=\"_self\" target=\"_self\" >B\u00fcrgerverein begr\u00fc\u00dft das 1050. Mitglied!<\/a><\/h3>\n<div class=\"pt-cv-content\">Frau Ann-Christine Arendt wurde von Herrn Gegor Neumann (1. Vorsitzender) und Herrn Dr. J\u00f6rg Siekm\u00f6ller ...<br \/><div class=\"pt-cv-rmwrap\"><a href=\"https:\/\/metzkausen.de\/?p=1057\" class=\"_self pt-cv-readmore btn btn-success\" target=\"_self\">Weiterlesen<\/a><\/div><\/div><\/div><\/div>\n<div class=\"col-md-12 col-sm-12 col-xs-12 pt-cv-content-item pt-cv-2-col\" ><div class='pt-cv-ifield'><a href=\"https:\/\/metzkausen.de\/?p=1033\" class=\"_self pt-cv-href-thumbnail pt-cv-thumb-left\" target=\"_self\" ><img loading=\"lazy\" decoding=\"async\" width=\"300\" height=\"109\" src=\"https:\/\/metzkausen.de\/wp-content\/uploads\/2018\/04\/bv_2018-300x109.jpg\" class=\"pt-cv-thumbnail pull-left\" alt=\"\" srcset=\"https:\/\/metzkausen.de\/wp-content\/uploads\/2018\/04\/bv_2018-300x109.jpg 300w, https:\/\/metzkausen.de\/wp-content\/uploads\/2018\/04\/bv_2018-520x190.jpg 520w, https:\/\/metzkausen.de\/wp-content\/uploads\/2018\/04\/bv_2018.jpg 700w\" sizes=\"auto, (max-width: 300px) 100vw, 300px\" \/><\/a>\n<h3 class=\"pt-cv-title\"><a href=\"https:\/\/metzkausen.de\/?p=1033\" class=\"_self\" target=\"_self\" >B\u00fcrgerverein w\u00e4hlt neuen Vorstand<\/a><\/h3>\n<div class=\"pt-cv-content\">Auf der Mitgliederversammlung am 6. M\u00e4rz 2018 wurde Gregor Neumann zum neuen 1. Vorsitzenden gew\u00e4hlt ...<br \/><div class=\"pt-cv-rmwrap\"><a href=\"https:\/\/metzkausen.de\/?p=1033\" class=\"_self pt-cv-readmore btn btn-success\" target=\"_self\">Weiterlesen<\/a><\/div><\/div><\/div><\/div><\/div><\/div><\/div>\n","protected":false},"excerpt":{"rendered":"<p>1090 wird Metzinchusen erstmalig in einer Kaiserswerther Urkunde erw\u00e4hnt Die M\u00f6nche sollen eine Wei\u00dfbrotspende erhalten. Unter den vielen H\u00f6fen, die daf\u00fcr zahlen, ist unser fr\u00fcher Sachsenhof. Es hei\u00dft dort: &#8230;. in festo omnium sanctorum in Metzinchusen XX ei II den (are).&#8221; Das hei\u00dft, da\u00df der Hof Metzkausen zu Allerheiligen dem Kloster 22 Denare f\u00fcr die [&hellip;]<\/p>\n","protected":false},"author":1,"featured_media":0,"parent":0,"menu_order":0,"comment_status":"closed","ping_status":"closed","template":"","meta":{"footnotes":""},"class_list":["post-48","page","type-page","status-publish","hentry"],"_links":{"self":[{"href":"https:\/\/metzkausen.de\/index.php?rest_route=\/wp\/v2\/pages\/48","targetHints":{"allow":["GET"]}}],"collection":[{"href":"https:\/\/metzkausen.de\/index.php?rest_route=\/wp\/v2\/pages"}],"about":[{"href":"https:\/\/metzkausen.de\/index.php?rest_route=\/wp\/v2\/types\/page"}],"author":[{"embeddable":true,"href":"https:\/\/metzkausen.de\/index.php?rest_route=\/wp\/v2\/users\/1"}],"replies":[{"embeddable":true,"href":"https:\/\/metzkausen.de\/index.php?rest_route=%2Fwp%2Fv2%2Fcomments&post=48"}],"version-history":[{"count":30,"href":"https:\/\/metzkausen.de\/index.php?rest_route=\/wp\/v2\/pages\/48\/revisions"}],"predecessor-version":[{"id":1189,"href":"https:\/\/metzkausen.de\/index.php?rest_route=\/wp\/v2\/pages\/48\/revisions\/1189"}],"wp:attachment":[{"href":"https:\/\/metzkausen.de\/index.php?rest_route=%2Fwp%2Fv2%2Fmedia&parent=48"}],"curies":[{"name":"wp","href":"https:\/\/api.w.org\/{rel}","templated":true}]}}