{"id":77,"date":"2013-08-25T12:58:22","date_gmt":"2013-08-25T10:58:22","guid":{"rendered":"https:\/\/metzkausen.de\/?page_id=77"},"modified":"2013-09-01T13:07:40","modified_gmt":"2013-09-01T11:07:40","slug":"feuerwehr","status":"publish","type":"page","link":"https:\/\/metzkausen.de\/?page_id=77","title":{"rendered":"Feuerwehr"},"content":{"rendered":"<p><strong>Freiwillige Feuerwehr Mettmann &#8211; L\u00f6schgruppe Metzkausen<\/strong><\/p>\n<p><a href=\"https:\/\/metzkausen.de\/wp-content\/uploads\/2013\/08\/loeschgruppe5.jpg\"><img loading=\"lazy\" decoding=\"async\" class=\"alignnone size-medium wp-image-224\" alt=\"loeschgruppe5\" src=\"https:\/\/metzkausen.de\/wp-content\/uploads\/2013\/08\/loeschgruppe5-300x200.jpg\" width=\"300\" height=\"200\" srcset=\"https:\/\/metzkausen.de\/wp-content\/uploads\/2013\/08\/loeschgruppe5-300x200.jpg 300w, https:\/\/metzkausen.de\/wp-content\/uploads\/2013\/08\/loeschgruppe5-403x270.jpg 403w, https:\/\/metzkausen.de\/wp-content\/uploads\/2013\/08\/loeschgruppe5.jpg 554w\" sizes=\"auto, (max-width: 300px) 100vw, 300px\" \/><\/a><a href=\"https:\/\/metzkausen.de\/wp-content\/uploads\/2013\/08\/1016301_545697635466885_504395735_n.jpg\"><img loading=\"lazy\" decoding=\"async\" class=\"alignnone size-medium wp-image-223\" alt=\"1016301_545697635466885_504395735_n\" src=\"https:\/\/metzkausen.de\/wp-content\/uploads\/2013\/08\/1016301_545697635466885_504395735_n-215x300.jpg\" width=\"215\" height=\"300\" srcset=\"https:\/\/metzkausen.de\/wp-content\/uploads\/2013\/08\/1016301_545697635466885_504395735_n-215x300.jpg 215w, https:\/\/metzkausen.de\/wp-content\/uploads\/2013\/08\/1016301_545697635466885_504395735_n-300x417.jpg 300w, https:\/\/metzkausen.de\/wp-content\/uploads\/2013\/08\/1016301_545697635466885_504395735_n-193x270.jpg 193w, https:\/\/metzkausen.de\/wp-content\/uploads\/2013\/08\/1016301_545697635466885_504395735_n.jpg 500w\" sizes=\"auto, (max-width: 215px) 100vw, 215px\" \/><\/a><\/p>\n<p>Gruppenfoto vor dem Ger\u00e4tehaus am Wollenhausweg<\/p>\n<p><strong>Chronik<\/strong><\/p>\n<table width=\"530\" border=\"0\" cellspacing=\"5\" cellpadding=\"5\" bgcolor=\"#EFEFEF\">\n<tbody>\n<tr bgcolor=\"#DDDDDD\">\n<td width=\"60\"><b>1913<\/b><\/td>\n<td>Die <b>Feuerwehr Metzkausen<\/b> wird am <b><\/b>11. Oktober gegr\u00fcndet.<\/td>\n<\/tr>\n<tr>\n<td width=\"60\"><b>1914<\/b><\/td>\n<td>Nach Ausbildung und Abnahme durch den B\u00fcrgermeister und Kreisbrandmeister wurde die Wehr am 28. Oktober 1914 vom Regierungspr\u00e4sidenten offiziell anerkannt.<\/td>\n<\/tr>\n<tr bgcolor=\"#DDDDDD\">\n<td width=\"60\"><b>1925<\/b><\/td>\n<td>Als im Jahre 1925 in Hubbelrath und in Hasselbeck- Schwarzbach ebenfalls eine Feuerwehr gegr\u00fcndet wurde, bildete man am 14. Februar eine L\u00f6schgemeinschaft.<\/td>\n<\/tr>\n<tr>\n<td width=\"60\"><b>1928<\/b><\/td>\n<td>Die L\u00f6schgruppe Homberg-Meiersberg wird in die Gemeinschaft aufgenommen.<\/td>\n<\/tr>\n<tr bgcolor=\"#DDDDDD\">\n<td width=\"60\"><b>1963<\/b><\/td>\n<td>50-j\u00e4hriges Jubil\u00e4um auf dem Schulhof der Hauptschule (sp\u00e4ter Gymnasium)<\/td>\n<\/tr>\n<tr>\n<td colspan=\"2\"><i>Als am 1. Januar 1975 die kommunale Neugliederung vollzogen wurde, wurden auch die einzelnen L\u00f6schgruppen des Amtes Hubbelrath in die umliegenden St\u00e4dte eingegliedert. So wurde die L\u00f6schgruppe Hubbelrath nach D\u00fcsseldorf, die L\u00f6schgruppen Hasselbeck- Schwarzbach und Homberg- Meiersberg nach Ratingen und die L\u00f6schgruppe Metzkausen nach Mettmann eingegliedert.<\/i><\/td>\n<\/tr>\n<tr bgcolor=\"#DDDDDD\">\n<td width=\"60\"><b>1988<\/b><\/td>\n<td>75-j\u00e4hriges Jubil\u00e4um des L\u00f6schzuges Metzkausen in der Aula des Heinrich-Heine-Gymnasiums<\/td>\n<\/tr>\n<\/tbody>\n<\/table>\n","protected":false},"excerpt":{"rendered":"<p>Freiwillige Feuerwehr Mettmann &#8211; L\u00f6schgruppe Metzkausen Gruppenfoto vor dem Ger\u00e4tehaus am Wollenhausweg Chronik 1913 Die Feuerwehr Metzkausen wird am 11. Oktober gegr\u00fcndet. 1914 Nach Ausbildung und Abnahme durch den B\u00fcrgermeister und Kreisbrandmeister wurde die Wehr am 28. Oktober 1914 vom Regierungspr\u00e4sidenten offiziell anerkannt. 1925 Als im Jahre 1925 in Hubbelrath und in Hasselbeck- Schwarzbach ebenfalls [&hellip;]<\/p>\n","protected":false},"author":1,"featured_media":0,"parent":0,"menu_order":0,"comment_status":"closed","ping_status":"closed","template":"fullwidth.php","meta":{"footnotes":""},"class_list":["post-77","page","type-page","status-publish","hentry"],"_links":{"self":[{"href":"https:\/\/metzkausen.de\/index.php?rest_route=\/wp\/v2\/pages\/77","targetHints":{"allow":["GET"]}}],"collection":[{"href":"https:\/\/metzkausen.de\/index.php?rest_route=\/wp\/v2\/pages"}],"about":[{"href":"https:\/\/metzkausen.de\/index.php?rest_route=\/wp\/v2\/types\/page"}],"author":[{"embeddable":true,"href":"https:\/\/metzkausen.de\/index.php?rest_route=\/wp\/v2\/users\/1"}],"replies":[{"embeddable":true,"href":"https:\/\/metzkausen.de\/index.php?rest_route=%2Fwp%2Fv2%2Fcomments&post=77"}],"version-history":[{"count":4,"href":"https:\/\/metzkausen.de\/index.php?rest_route=\/wp\/v2\/pages\/77\/revisions"}],"predecessor-version":[{"id":225,"href":"https:\/\/metzkausen.de\/index.php?rest_route=\/wp\/v2\/pages\/77\/revisions\/225"}],"wp:attachment":[{"href":"https:\/\/metzkausen.de\/index.php?rest_route=%2Fwp%2Fv2%2Fmedia&parent=77"}],"curies":[{"name":"wp","href":"https:\/\/api.w.org\/{rel}","templated":true}]}}