{"id":81,"date":"2013-08-25T12:59:10","date_gmt":"2013-08-25T10:59:10","guid":{"rendered":"https:\/\/metzkausen.de\/?page_id=81"},"modified":"2013-09-01T13:10:06","modified_gmt":"2013-09-01T11:10:06","slug":"donekes","status":"publish","type":"page","link":"https:\/\/metzkausen.de\/?page_id=81","title":{"rendered":"D\u00f6nekes"},"content":{"rendered":"<p><strong>Von Fritz Geldmacher:<\/strong><\/p>\n<p align=\"justify\">Wat denkt d&#8217;r B\u00f6rjer nu von all demm, wat sech n\u00fcntienhongetvieronsievenzeg hei bei us em Kreis en Punkto \u00d6mk\u00f6rmele&#8217;i jedonn het? Wemmer sech ens su \u00fcwerall \u00f6mhud, dann frogen sech doch v\u00f6ll L\u00fctt: War\u00f6m? De Kreis wor doch en den langen Johren, wo he beste`iht, janz nat\u00fcrlich tesamen jewa\u00dfen, an die mieschten L\u00fctt woren och wie Nobern jewoden, f\u00f6lden sech wie ein Famillie.<\/p>\n<div align=\"justify\">Ohne sie dodr\u00f6m te frogen, es dat nu van owen bestemmt woden, dat die Hubbelrother no D\u00fcsseldorf, die Dornaper, Hahnenfurther und die Sch\u00e4lleraner no Wuppertal, wie m&#8217;r su sch\u00f6n seiht, eingemeindet w\u00e4den. Dobe&#8217;i woren die mieschten no Mettmann enjestault, su wenn do Kernres wor oder an nem sch\u00f6nen Sumerdag beim Spazierfang.<\/div>\n<p align=\"justify\">Et w\u00e4den hei m\u00e4r diejenigen beleiht, die \u00f6m Mettmann her\u00e4m met d`r K\u00f6rmerele`i te donn haut. Dobe&#8217;i hammer Jl\u00f6ck jehatt, dat Haan an Jruiten nit Solingen tougeschlagen wuden, wodran nit v\u00f6ll jefehlt h\u00e4t.<\/p>\n<div align=\"justify\"><\/div>\n<p align=\"justify\">Die Jrutst\u00e4dte send doch en \u00f6hrem Honger no Lankt nit mieh satt te kriegen an wellen immer noch mieh schlucken. Dobe&#8217;i jonnt dennen immer mieh L\u00fctt lo&#8217;upen, weil se dat Wohnen en den Ste&#8217;instroten leid jewoden sind. Sie trecken liewer wi&#8217;er op et<\/p>\n<div align=\"justify\"><\/div>\n<p align=\"justify\">Lankt oder bauen sech do selwer en H\u00fcsken. Dat h\u00e4dden se och han k\u00f6nnen, wenn die jrute Omk\u00f6rmele&#8217;i nit jekumen w\u00f6r.<br \/>\nDo mot m&#8217;r schon mieh Jl\u00f6ck wie Verstankt han, \u00f6m dat alles te bejriepen. Wir Mettmanner haut jo Jl\u00f6ck jehadd, dat us nix wegjenohmen woden es, van dem Zippel an der Sch\u00f6lleghe`id nit te kalten.<\/p>\n<p>Wir haut sujar noch wat d&#8217;rbe&#8217;i jekreigen. Metzkusen wor schon su lang m&#8217;r denken kann no Mettmann enjestault. Die Stroten lo&#8217;upen schon enenanger, an tweschen den Famillien es v\u00f6ll Verwandtschaft.<\/p>\n<p>Wir m\u00f6dden jetzt noch n\u00f6der tesamenr\u00f6cken an vor allem us immer mieh verstonn. Wemmer dat donnt, es et kein Konstst\u00f6ck, us allbe&#8217;ine&#8217;in als tefriedene B\u00f6rger einer Stadt te f\u00fchlen.<\/p>\n<p>En manchen fegenden van unserem Kreis saht et wohl nit su einfach sin wie bei us. Do w\u00fcd secher v\u00f6ll mieh \u00f6m dat \u201eWor\u00f6m?&#8221; jefrogt. \u00c4wer och die m\u00f6dden sech dorret affengen an en manchen suren Appel bieten.<\/p>\n<p>Of sech dat Jek\u00f6rmels rechteg enspellt, satt sech wahl en ennigen Johren fengen. Noch \u00e4wer w\u00fcd v\u00f6ll van dem \u201eWar\u00f6m?&#8221; jekallt!<\/p>\n","protected":false},"excerpt":{"rendered":"<p>Von Fritz Geldmacher: Wat denkt d&#8217;r B\u00f6rjer nu von all demm, wat sech n\u00fcntienhongetvieronsievenzeg hei bei us em Kreis en Punkto \u00d6mk\u00f6rmele&#8217;i jedonn het? Wemmer sech ens su \u00fcwerall \u00f6mhud, dann frogen sech doch v\u00f6ll L\u00fctt: War\u00f6m? De Kreis wor doch en den langen Johren, wo he beste`iht, janz nat\u00fcrlich tesamen jewa\u00dfen, an die mieschten [&hellip;]<\/p>\n","protected":false},"author":1,"featured_media":61,"parent":0,"menu_order":0,"comment_status":"closed","ping_status":"closed","template":"fullwidth.php","meta":{"footnotes":""},"class_list":["post-81","page","type-page","status-publish","has-post-thumbnail","hentry"],"_links":{"self":[{"href":"https:\/\/metzkausen.de\/index.php?rest_route=\/wp\/v2\/pages\/81","targetHints":{"allow":["GET"]}}],"collection":[{"href":"https:\/\/metzkausen.de\/index.php?rest_route=\/wp\/v2\/pages"}],"about":[{"href":"https:\/\/metzkausen.de\/index.php?rest_route=\/wp\/v2\/types\/page"}],"author":[{"embeddable":true,"href":"https:\/\/metzkausen.de\/index.php?rest_route=\/wp\/v2\/users\/1"}],"replies":[{"embeddable":true,"href":"https:\/\/metzkausen.de\/index.php?rest_route=%2Fwp%2Fv2%2Fcomments&post=81"}],"version-history":[{"count":2,"href":"https:\/\/metzkausen.de\/index.php?rest_route=\/wp\/v2\/pages\/81\/revisions"}],"predecessor-version":[{"id":226,"href":"https:\/\/metzkausen.de\/index.php?rest_route=\/wp\/v2\/pages\/81\/revisions\/226"}],"wp:featuredmedia":[{"embeddable":true,"href":"https:\/\/metzkausen.de\/index.php?rest_route=\/wp\/v2\/media\/61"}],"wp:attachment":[{"href":"https:\/\/metzkausen.de\/index.php?rest_route=%2Fwp%2Fv2%2Fmedia&parent=81"}],"curies":[{"name":"wp","href":"https:\/\/api.w.org\/{rel}","templated":true}]}}